{"id":6739,"date":"2022-03-03T13:23:42","date_gmt":"2022-03-03T16:23:42","guid":{"rendered":"https:\/\/superlojas.tk\/?page_id=6739"},"modified":"2022-03-03T13:27:05","modified_gmt":"2022-03-03T16:27:05","slug":"curiosidades-biblicas","status":"publish","type":"page","link":"https:\/\/tudodeprogramas.com.br\/igrejas\/curiosidades-biblicas\/","title":{"rendered":"Curiosidades Biblicas"},"content":{"rendered":"\t\t<div data-elementor-type=\"wp-page\" data-elementor-id=\"6739\" class=\"elementor elementor-6739\">\n\t\t\t\t\t\t\t        <section class=\"elementor-section elementor-top-section elementor-element elementor-element-23b0f1c elementor-section-boxed elementor-section-height-default elementor-section-height-default\" data-id=\"23b0f1c\" data-element_type=\"section\" data-settings=\"{&quot;background_background&quot;:&quot;classic&quot;}\">\n            \n                        <div class=\"elementor-container elementor-column-gap-default \">\n                    <div class=\"elementor-column elementor-col-100 elementor-top-column elementor-element elementor-element-9356e63\" data-id=\"9356e63\" data-element_type=\"column\">\n            <div class=\"elementor-widget-wrap elementor-element-populated\">\n                        \t\t<div class=\"elementor-element elementor-element-d6887bb elementor-widget elementor-widget-heading\" data-id=\"d6887bb\" data-element_type=\"widget\" data-widget_type=\"heading.default\">\n\t\t\t\t<div class=\"elementor-widget-container\">\n\t\t\t<style>\/*! elementor - v3.6.7 - 03-07-2022 *\/\n.elementor-heading-title{padding:0;margin:0;line-height:1}.elementor-widget-heading .elementor-heading-title[class*=elementor-size-]>a{color:inherit;font-size:inherit;line-height:inherit}.elementor-widget-heading .elementor-heading-title.elementor-size-small{font-size:15px}.elementor-widget-heading .elementor-heading-title.elementor-size-medium{font-size:19px}.elementor-widget-heading .elementor-heading-title.elementor-size-large{font-size:29px}.elementor-widget-heading .elementor-heading-title.elementor-size-xl{font-size:39px}.elementor-widget-heading .elementor-heading-title.elementor-size-xxl{font-size:59px}<\/style><h2 class=\"elementor-heading-title elementor-size-default\">Curiosidades Biblicas<\/h2>\t\t<\/div>\n\t\t\t\t<\/div>\n\t\t            <\/div>\n        <\/div>\n                            <\/div>\n        <\/section>\n                <section class=\"elementor-section elementor-top-section elementor-element elementor-element-9cd5fbd elementor-section-boxed elementor-section-height-default elementor-section-height-default\" data-id=\"9cd5fbd\" data-element_type=\"section\">\n            \n                        <div class=\"elementor-container elementor-column-gap-default \">\n                    <div class=\"elementor-column elementor-col-100 elementor-top-column elementor-element elementor-element-5834ef2\" data-id=\"5834ef2\" data-element_type=\"column\">\n            <div class=\"elementor-widget-wrap elementor-element-populated\">\n                        \t\t<div class=\"elementor-element elementor-element-8117786 elementor-widget elementor-widget-spacer\" data-id=\"8117786\" data-element_type=\"widget\" data-widget_type=\"spacer.default\">\n\t\t\t\t<div class=\"elementor-widget-container\">\n\t\t\t<style>\/*! elementor - v3.6.7 - 03-07-2022 *\/\n.e-container.e-container--row .elementor-spacer-inner{width:var(--spacer-size)}.e-container.e-container--column .elementor-spacer-inner,.elementor-column .elementor-spacer-inner{height:var(--spacer-size)}<\/style>\t\t<div class=\"elementor-spacer\">\n\t\t\t<div class=\"elementor-spacer-inner\"><\/div>\n\t\t<\/div>\n\t\t\t\t<\/div>\n\t\t\t\t<\/div>\n\t\t\t\t<div class=\"elementor-element elementor-element-9fb866c elementor-widget elementor-widget-text-editor\" data-id=\"9fb866c\" data-element_type=\"widget\" data-widget_type=\"text-editor.default\">\n\t\t\t\t<div class=\"elementor-widget-container\">\n\t\t\t<style>\/*! elementor - v3.6.7 - 03-07-2022 *\/\n.elementor-widget-text-editor.elementor-drop-cap-view-stacked .elementor-drop-cap{background-color:#818a91;color:#fff}.elementor-widget-text-editor.elementor-drop-cap-view-framed .elementor-drop-cap{color:#818a91;border:3px solid;background-color:transparent}.elementor-widget-text-editor:not(.elementor-drop-cap-view-default) .elementor-drop-cap{margin-top:8px}.elementor-widget-text-editor:not(.elementor-drop-cap-view-default) .elementor-drop-cap-letter{width:1em;height:1em}.elementor-widget-text-editor .elementor-drop-cap{float:left;text-align:center;line-height:1;font-size:50px}.elementor-widget-text-editor .elementor-drop-cap-letter{display:inline-block}<\/style>\t\t\t\t<p>Uma lista com <strong>51 curiosidades b\u00edblicas<\/strong>, muita coisa que voc\u00ea n\u00e3o sabe est\u00e1 aqui. Ent\u00e3o mate sua curiosidade e conhe\u00e7a super curiosidades do Livro dos livros:<\/p>\t\t\t\t\t\t<\/div>\n\t\t\t\t<\/div>\n\t\t            <\/div>\n        <\/div>\n                            <\/div>\n        <\/section>\n                <section class=\"elementor-section elementor-top-section elementor-element elementor-element-123f274 elementor-section-boxed elementor-section-height-default elementor-section-height-default\" data-id=\"123f274\" data-element_type=\"section\">\n            \n                        <div class=\"elementor-container elementor-column-gap-default \">\n                    <div class=\"elementor-column elementor-col-100 elementor-top-column elementor-element elementor-element-138ff42\" data-id=\"138ff42\" data-element_type=\"column\">\n            <div class=\"elementor-widget-wrap elementor-element-populated\">\n                        \t\t<div class=\"elementor-element elementor-element-7abdc97 elementor-widget elementor-widget-text-editor\" data-id=\"7abdc97\" data-element_type=\"widget\" data-widget_type=\"text-editor.default\">\n\t\t\t\t<div class=\"elementor-widget-container\">\n\t\t\t\t\t\t\t<ol><li>No ano de 1250 o cardeal Caro dividiu a B\u00edblia em cap\u00edtulos, que foram divididos em vers\u00edculos no ano de 1550, por Robert Stevens.<\/li><li>A B\u00edblia inteira foi escrita num per\u00edodo que abrange mais de 1600 anos.<\/li><li>\u00c9 uma obra de cerca de 40 autores, das mais variadas profiss\u00f5es: de humildes agricultores, pescadores at\u00e9 renomados reis.<\/li><li>O Antigo Testamento foi escrito em hebraico, com exce\u00e7\u00e3o de algumas passagens em Esdras, Jeremias e Daniel que foram escritas em aramaico.<\/li><li>O Novo Testamento foi escrito em grego.<\/li><li>O Codex Vaticanus \u00e9 provavelmente o mais antigo exemplar da B\u00edblia em forma completa.<\/li><li>A primeira tradu\u00e7\u00e3o completa da B\u00edblia para o ingl\u00eas foi feita por Wycliffe, em 1380.<\/li><li>Martinho Lutero foi o primeiro tradutor da B\u00edblia para a l\u00edngua do povo alem\u00e3o.<\/li><li>Na biblioteca da Universidade de Gottingen, Alemanha, existe uma B\u00edblia que foi escrita em 470 folhas de palmeira.<\/li><li>O Livro mais antigo da B\u00edblia n\u00e3o \u00e9 o G\u00eanesis, mas J\u00f4. Acredita-se que foi escrito por Mois\u00e9s, quando esteve no deserto.<\/li><li>O primeiro Salmo encontra-se em II Samuel 1:19-27, uma elegia de Davi em mem\u00f3ria de Saul e seu filho J\u00f4natas.<\/li><li>A B\u00edblia cont\u00e9m 1189 cap\u00edtulos e 31102 vers\u00edculos.<\/li><li>Ester 8:9 \u00e9 o maior vers\u00edculo da B\u00edblia.<\/li><li>No livro de Ester e no livro de Cantares n\u00e3o se encontra a palavra Deus.<\/li><li>O Antigo Testamento termina com uma maldi\u00e7\u00e3o, e o Novo Testamento termina com uma ben\u00e7\u00e3o.<\/li><li>O \u00faltimo livro da B\u00edblia a ser escrito foi III Jo\u00e3o.<\/li><li>H\u00e1 <strong>3573<\/strong> promessas na B\u00edblia.<\/li><li>O livro de Isa\u00edas assemelha-se a uma pequena B\u00edblia: cont\u00e9m <strong>66 cap\u00edtulos<\/strong>; os primeiros <strong>39 falam da hist\u00f3ria passada<\/strong>, e os <strong>27 restantes apresentam promessas do futuro.<\/strong><\/li><li>Dos quatro evangelistas s\u00f3 dois andaram com Jesus; Marcos e Lucas n\u00e3o foram seus disc\u00edpulos.<\/li><li>Todos os versos do Salmo 136 terminam com o mesmo estribilho: \u201cPorque a Sua miseric\u00f3rdia dura para sempre.\u201d<\/li><li>O profeta que veio depois de Malaquias foi Jo\u00e3o Batista.<\/li><li>Judas foi o \u00fanico dos doze ap\u00f3stolos que n\u00e3o era Galileu.<\/li><li>Jo\u00e3o era o disc\u00edpulo mais jovem dos doze.<\/li><li>Os vers\u00edculos 8, 15, 21 e 31 do Salmo 107 s\u00e3o iguais.<\/li><li>Matusal\u00e9m, o homem mais velho da B\u00edblia, morreu antes de seu pai, Enoque, que ascendeu ao C\u00e9u.<\/li><li>L\u00f3 era o pai de Moabe e Bem-ami, e tamb\u00e9m o av\u00f4 dos dois porque \u201cas duas filhas de L\u00f3 conceberam do pr\u00f3prio pai\u201d. (Gen. 19:36-38)<\/li><li>42 mil pessoas perderam a sua vida por n\u00e3o saberem pronunciar a palavra Shiboleth. (Ju\u00edzes 12:5, 6)<\/li><li>Ad\u00e3o n\u00e3o teve sogra.<\/li><li>A \u00fanica idade de mulher que se menciona na B\u00edblia \u00e9 a de Sara (G\u00ean. 23:1)<\/li><li>A primeira cirurgia foi realizada por Deus, quando tirou uma costela de Ad\u00e3o. (G\u00ean. 2:21,22)<\/li><li>Al\u00e9m de Jesus, Elias e Mois\u00e9s foram os \u00fanicos homens que jejuaram 40 dias e 40 noites. (I Reis 19:8 e Deut. 9:9)<\/li><li>A arca de No\u00e9 tinha tr\u00eas andares. (G\u00ean. 6:16)<\/li><li>O Salmo 119 \u00e9 o mais longo da B\u00edblia, \u00e9 um acr\u00f3stico. Os 176 vers\u00edculos acham-se divididos em 22 se\u00e7\u00f5es de oito versos cada uma, correspondendo a cada uma das letras do alfabeto hebraico.<\/li><li>Em Gate houve um homem de grande estatura, que tinha 6 dedos em cada m\u00e3o e em cada p\u00e9. (II Samuel 21:20)<\/li><li>Elias teve o privil\u00e9gio de comer uma refei\u00e7\u00e3o preparada por um anjo.<\/li><li>Existem muitos dados curiosos relativos \u00e0s estat\u00edsticas b\u00edblicas. Um dos n\u00fameros que mais aparece na B\u00edblia \u00e9 o 7. Entre os Hebreus este n\u00famero era considerado sagrado e s\u00edmbolo da perfei\u00e7\u00e3o.<\/li><li>No\u00e9 tinha 600 anos quando terminou a arca.<\/li><li>O s\u00e1bio Salom\u00e3o deixou mais de tr\u00eas mil prov\u00e9rbios.<\/li><li>A opera\u00e7\u00e3o matem\u00e1tica mais rendosa foi efetuada por Jesus quando multiplicou 5 p\u00e3es e 2 peixes para alimentar a mais de cinco mil pessoas e ainda sobraram 12 cestos cheios.<\/li><li>Talento era uma moeda grega que valia o equivalente a uns mil e quinhentos d\u00f3lares.<\/li><li>Judas vendeu a Jesus por 30 moedas de prata, equivalentes a uns 20 d\u00f3lares.<\/li><li>Calcula-se que o presente que Naam\u00e3 ofereceu a Eliseu, do qual Geazi finalmente se apropriou, equivalia a uns 48.000 d\u00f3lares.<\/li><li>Tiago, filho de Zebedeu, foi o primeiro dos ap\u00f3stolos a morrer por sua f\u00e9. Foi decapitado a espada por ordem do rei Herodes Agripa I, por volta do ano 44 de nossa era.<\/li><li>Paulo, o grande ap\u00f3stolo dos gentios, foi decapitado em Roma por ordem do tirano Nero.<\/li><li>Em I Samuel 17:18, o queijo \u00e9 mencionado pela primeira vez na B\u00edblia.<\/li><li>Em ju\u00edzes 14:18 encontramos um dos exemplos mais antigos de enigma.<\/li><li>Dois reis dos Amorreus foram postos em fuga por vesp\u00f5es.<\/li><li>A \u00faltima cidade mencionada na B\u00edblia \u00e9 a cidade santa. (Apoc. 22:19)<\/li><li>Salmo 117 \u00e9 o cap\u00edtulo mais curto da B\u00edblia<\/li><li>Salmo 118 \u00e9 o cap\u00edtulo que est\u00e1 no centro da B\u00edblia. H\u00e1 594 cap\u00edtulos antes e depois do Salmo 118<\/li><li>O Vers\u00edculo que se encontra no centro da B\u00edblia est\u00e1 em Salmo 118:8<\/li><\/ol><p>Gostou das lista de curiosidades? Conhece alguma que n\u00e3o est\u00e1 nela? Ent\u00e3o aproveite e compartilhe conosco nos coment\u00e1rios.<\/p>\t\t\t\t\t\t<\/div>\n\t\t\t\t<\/div>\n\t\t            <\/div>\n        <\/div>\n                            <\/div>\n        <\/section>\n                <section class=\"elementor-section elementor-top-section elementor-element elementor-element-4c34f73 elementor-section-boxed elementor-section-height-default elementor-section-height-default\" data-id=\"4c34f73\" data-element_type=\"section\">\n            \n                        <div class=\"elementor-container elementor-column-gap-default \">\n                    <div class=\"elementor-column elementor-col-100 elementor-top-column elementor-element elementor-element-fe5fd4f\" data-id=\"fe5fd4f\" data-element_type=\"column\">\n            <div class=\"elementor-widget-wrap elementor-element-populated\">\n                        \t\t<div class=\"elementor-element elementor-element-1c6a972 elementor-widget elementor-widget-spacer\" data-id=\"1c6a972\" data-element_type=\"widget\" data-widget_type=\"spacer.default\">\n\t\t\t\t<div class=\"elementor-widget-container\">\n\t\t\t\t\t<div class=\"elementor-spacer\">\n\t\t\t<div class=\"elementor-spacer-inner\"><\/div>\n\t\t<\/div>\n\t\t\t\t<\/div>\n\t\t\t\t<\/div>\n\t\t            <\/div>\n        <\/div>\n                            <\/div>\n        <\/section>\n        \t\t\t\t\t<\/div>\n\t\t","protected":false},"excerpt":{"rendered":"<p>Curiosidades Biblicas Uma lista com 51 curiosidades b\u00edblicas, muita coisa que voc\u00ea n\u00e3o sabe est\u00e1 aqui. Ent\u00e3o mate sua curiosidade e conhe\u00e7a super curiosidades do Livro dos livros: No ano de 1250 o cardeal Caro dividiu a B\u00edblia em cap\u00edtulos, que foram divididos em vers\u00edculos no ano de 1550, por Robert Stevens. A B\u00edblia inteira [&hellip;]<\/p>\n","protected":false},"author":1,"featured_media":0,"parent":0,"menu_order":0,"comment_status":"closed","ping_status":"closed","template":"elementor_header_footer","meta":[],"_links":{"self":[{"href":"https:\/\/tudodeprogramas.com.br\/igrejas\/wp-json\/wp\/v2\/pages\/6739"}],"collection":[{"href":"https:\/\/tudodeprogramas.com.br\/igrejas\/wp-json\/wp\/v2\/pages"}],"about":[{"href":"https:\/\/tudodeprogramas.com.br\/igrejas\/wp-json\/wp\/v2\/types\/page"}],"author":[{"embeddable":true,"href":"https:\/\/tudodeprogramas.com.br\/igrejas\/wp-json\/wp\/v2\/users\/1"}],"replies":[{"embeddable":true,"href":"https:\/\/tudodeprogramas.com.br\/igrejas\/wp-json\/wp\/v2\/comments?post=6739"}],"version-history":[{"count":0,"href":"https:\/\/tudodeprogramas.com.br\/igrejas\/wp-json\/wp\/v2\/pages\/6739\/revisions"}],"wp:attachment":[{"href":"https:\/\/tudodeprogramas.com.br\/igrejas\/wp-json\/wp\/v2\/media?parent=6739"}],"curies":[{"name":"wp","href":"https:\/\/api.w.org\/{rel}","templated":true}]}}